{"id":737,"date":"2025-09-05T11:42:43","date_gmt":"2025-09-05T11:42:43","guid":{"rendered":"https:\/\/adbohemiam.cz\/?page_id=737"},"modified":"2025-09-06T09:24:47","modified_gmt":"2025-09-06T09:24:47","slug":"elementor-737","status":"publish","type":"page","link":"https:\/\/adbohemiam.cz\/en\/elementor-737\/","title":{"rendered":"P\u0159ihl\u00e1\u0161en\u00ed"},"content":{"rendered":"<div data-elementor-type=\"wp-page\" data-elementor-id=\"737\" class=\"elementor elementor-737\">\n\t\t\t\t<div class=\"elementor-element elementor-element-805ac0e e-flex e-con-boxed e-con e-parent\" data-id=\"805ac0e\" data-element_type=\"container\" data-e-type=\"container\">\n\t\t\t\t\t<div class=\"e-con-inner\">\n\t\t\t\t<div class=\"elementor-element elementor-element-afc5336 elementor-widget elementor-widget-text-editor\" data-id=\"afc5336\" data-element_type=\"widget\" data-e-type=\"widget\" data-widget_type=\"text-editor.default\">\n\t\t\t\t<div class=\"elementor-widget-container\">\n\t\t\t\t\t\t\t\t\t<p data-start=\"277\" data-end=\"387\"><span style=\"text-decoration: underline;\"><strong>We are currently preparing new course dates for you.<\/strong><\/span><\/p><p data-start=\"277\" data-end=\"387\">As soon as the new dates are announced, you will find them here on the website.<\/p><p data-start=\"389\" data-end=\"515\">If you are interested in <strong data-start=\"414\" data-end=\"433\">custom training,\u00a0<\/strong>please contact us by phone or email.<\/p>\t\t\t\t\t\t\t\t<\/div>\n\t\t\t\t<\/div>\n\t\t\t\t\t<\/div>\n\t\t\t\t<\/div>\n\t\t<div class=\"elementor-element elementor-element-4c0dc3f e-flex e-con-boxed e-con e-parent\" data-id=\"4c0dc3f\" data-element_type=\"container\" data-e-type=\"container\">\n\t\t\t\t\t<div class=\"e-con-inner\">\n\t\t\t\t<div class=\"elementor-element elementor-element-c9fc269 elementor-widget elementor-widget-image-gallery\" data-id=\"c9fc269\" data-element_type=\"widget\" data-e-type=\"widget\" data-widget_type=\"image-gallery.default\">\n\t\t\t\t<div class=\"elementor-widget-container\">\n\t\t\t\t\t\t\t<div class=\"elementor-image-gallery\">\n\t\t\t<div id='gallery-1' class='gallery galleryid-737 gallery-columns-4 gallery-size-full'><figure class='gallery-item'>\n\t\t\t<div class='gallery-icon landscape'>\n\t\t\t\t<a data-elementor-open-lightbox=\"yes\" data-elementor-lightbox-slideshow=\"c9fc269\" data-elementor-lightbox-title=\"_13A8480\" data-e-action-hash=\"#elementor-action%3Aaction%3Dlightbox%26settings%3DeyJpZCI6Njc2LCJ1cmwiOiJodHRwczpcL1wvYWRib2hlbWlhbS5jelwvd3AtY29udGVudFwvdXBsb2Fkc1wvMjAyNVwvMDlcLzEzQTg0ODAtc2NhbGVkLndlYnAiLCJzbGlkZXNob3ciOiJjOWZjMjY5In0%3D\" href='https:\/\/adbohemiam.cz\/wp-content\/uploads\/2025\/09\/13A8480-scaled.webp'><img fetchpriority=\"high\" decoding=\"async\" width=\"2560\" height=\"1707\" src=\"data:image\/gif;base64,R0lGODlhAQABAIAAAAAAAP\/\/\/yH5BAEAAAAALAAAAAABAAEAAAIBRAA7\" data-src=\"https:\/\/adbohemiam.cz\/wp-content\/uploads\/2025\/09\/13A8480-scaled.webp\" class=\"attachment-full size-full lazyload\" alt=\"\" data-srcset=\"https:\/\/adbohemiam.cz\/wp-content\/uploads\/2025\/09\/13A8480-scaled.webp 2560w, https:\/\/adbohemiam.cz\/wp-content\/uploads\/2025\/09\/13A8480-300x200.webp 300w, https:\/\/adbohemiam.cz\/wp-content\/uploads\/2025\/09\/13A8480-1620x1080.webp 1620w, https:\/\/adbohemiam.cz\/wp-content\/uploads\/2025\/09\/13A8480-768x512.webp 768w, https:\/\/adbohemiam.cz\/wp-content\/uploads\/2025\/09\/13A8480-1536x1024.webp 1536w, https:\/\/adbohemiam.cz\/wp-content\/uploads\/2025\/09\/13A8480-2048x1365.webp 2048w\" sizes=\"(max-width: 2560px) 100vw, 2560px\" \/><noscript><img decoding=\"async\" width=\"2560\" height=\"1707\" src=\"https:\/\/adbohemiam.cz\/wp-content\/uploads\/2025\/09\/13A8480-scaled.webp\" class=\"attachment-full size-full lazyload\" alt=\"\" srcset=\"https:\/\/adbohemiam.cz\/wp-content\/uploads\/2025\/09\/13A8480-scaled.webp 2560w, https:\/\/adbohemiam.cz\/wp-content\/uploads\/2025\/09\/13A8480-300x200.webp 300w, https:\/\/adbohemiam.cz\/wp-content\/uploads\/2025\/09\/13A8480-1620x1080.webp 1620w, https:\/\/adbohemiam.cz\/wp-content\/uploads\/2025\/09\/13A8480-768x512.webp 768w, https:\/\/adbohemiam.cz\/wp-content\/uploads\/2025\/09\/13A8480-1536x1024.webp 1536w, https:\/\/adbohemiam.cz\/wp-content\/uploads\/2025\/09\/13A8480-2048x1365.webp 2048w\" sizes=\"(max-width: 2560px) 100vw, 2560px\" \/><\/noscript><\/a>\n\t\t\t<\/div><\/figure><figure class='gallery-item'>\n\t\t\t<div class='gallery-icon landscape'>\n\t\t\t\t<a data-elementor-open-lightbox=\"yes\" data-elementor-lightbox-slideshow=\"c9fc269\" data-elementor-lightbox-title=\"_13A8078\" data-e-action-hash=\"#elementor-action%3Aaction%3Dlightbox%26settings%3DeyJpZCI6NjcyLCJ1cmwiOiJodHRwczpcL1wvYWRib2hlbWlhbS5jelwvd3AtY29udGVudFwvdXBsb2Fkc1wvMjAyNVwvMDlcLzEzQTgwNzgtc2NhbGVkLndlYnAiLCJzbGlkZXNob3ciOiJjOWZjMjY5In0%3D\" href='https:\/\/adbohemiam.cz\/wp-content\/uploads\/2025\/09\/13A8078-scaled.webp'><img decoding=\"async\" width=\"2560\" height=\"1707\" src=\"data:image\/gif;base64,R0lGODlhAQABAIAAAAAAAP\/\/\/yH5BAEAAAAALAAAAAABAAEAAAIBRAA7\" data-src=\"https:\/\/adbohemiam.cz\/wp-content\/uploads\/2025\/09\/13A8078-scaled.webp\" class=\"attachment-full size-full lazyload\" alt=\"\" data-srcset=\"https:\/\/adbohemiam.cz\/wp-content\/uploads\/2025\/09\/13A8078-scaled.webp 2560w, https:\/\/adbohemiam.cz\/wp-content\/uploads\/2025\/09\/13A8078-300x200.webp 300w, https:\/\/adbohemiam.cz\/wp-content\/uploads\/2025\/09\/13A8078-1620x1080.webp 1620w, https:\/\/adbohemiam.cz\/wp-content\/uploads\/2025\/09\/13A8078-768x512.webp 768w, https:\/\/adbohemiam.cz\/wp-content\/uploads\/2025\/09\/13A8078-1536x1024.webp 1536w, https:\/\/adbohemiam.cz\/wp-content\/uploads\/2025\/09\/13A8078-2048x1365.webp 2048w\" sizes=\"(max-width: 2560px) 100vw, 2560px\" \/><noscript><img loading=\"lazy\" decoding=\"async\" width=\"2560\" height=\"1707\" src=\"https:\/\/adbohemiam.cz\/wp-content\/uploads\/2025\/09\/13A8078-scaled.webp\" class=\"attachment-full size-full lazyload\" alt=\"\" srcset=\"https:\/\/adbohemiam.cz\/wp-content\/uploads\/2025\/09\/13A8078-scaled.webp 2560w, https:\/\/adbohemiam.cz\/wp-content\/uploads\/2025\/09\/13A8078-300x200.webp 300w, https:\/\/adbohemiam.cz\/wp-content\/uploads\/2025\/09\/13A8078-1620x1080.webp 1620w, https:\/\/adbohemiam.cz\/wp-content\/uploads\/2025\/09\/13A8078-768x512.webp 768w, https:\/\/adbohemiam.cz\/wp-content\/uploads\/2025\/09\/13A8078-1536x1024.webp 1536w, https:\/\/adbohemiam.cz\/wp-content\/uploads\/2025\/09\/13A8078-2048x1365.webp 2048w\" sizes=\"(max-width: 2560px) 100vw, 2560px\" \/><\/noscript><\/a>\n\t\t\t<\/div><\/figure><figure class='gallery-item'>\n\t\t\t<div class='gallery-icon landscape'>\n\t\t\t\t<a data-elementor-open-lightbox=\"yes\" data-elementor-lightbox-slideshow=\"c9fc269\" data-elementor-lightbox-title=\"_13A7953\" data-e-action-hash=\"#elementor-action%3Aaction%3Dlightbox%26settings%3DeyJpZCI6Njc0LCJ1cmwiOiJodHRwczpcL1wvYWRib2hlbWlhbS5jelwvd3AtY29udGVudFwvdXBsb2Fkc1wvMjAyNVwvMDlcLzEzQTc5NTMtc2NhbGVkLndlYnAiLCJzbGlkZXNob3ciOiJjOWZjMjY5In0%3D\" href='https:\/\/adbohemiam.cz\/wp-content\/uploads\/2025\/09\/13A7953-scaled.webp'><img loading=\"lazy\" decoding=\"async\" width=\"2560\" height=\"1707\" src=\"data:image\/gif;base64,R0lGODlhAQABAIAAAAAAAP\/\/\/yH5BAEAAAAALAAAAAABAAEAAAIBRAA7\" data-src=\"https:\/\/adbohemiam.cz\/wp-content\/uploads\/2025\/09\/13A7953-scaled.webp\" class=\"attachment-full size-full lazyload\" alt=\"\" data-srcset=\"https:\/\/adbohemiam.cz\/wp-content\/uploads\/2025\/09\/13A7953-scaled.webp 2560w, https:\/\/adbohemiam.cz\/wp-content\/uploads\/2025\/09\/13A7953-300x200.webp 300w, https:\/\/adbohemiam.cz\/wp-content\/uploads\/2025\/09\/13A7953-1620x1080.webp 1620w, https:\/\/adbohemiam.cz\/wp-content\/uploads\/2025\/09\/13A7953-768x512.webp 768w, https:\/\/adbohemiam.cz\/wp-content\/uploads\/2025\/09\/13A7953-1536x1024.webp 1536w, https:\/\/adbohemiam.cz\/wp-content\/uploads\/2025\/09\/13A7953-2048x1365.webp 2048w\" sizes=\"(max-width: 2560px) 100vw, 2560px\" \/><noscript><img loading=\"lazy\" decoding=\"async\" width=\"2560\" height=\"1707\" src=\"https:\/\/adbohemiam.cz\/wp-content\/uploads\/2025\/09\/13A7953-scaled.webp\" class=\"attachment-full size-full lazyload\" alt=\"\" srcset=\"https:\/\/adbohemiam.cz\/wp-content\/uploads\/2025\/09\/13A7953-scaled.webp 2560w, https:\/\/adbohemiam.cz\/wp-content\/uploads\/2025\/09\/13A7953-300x200.webp 300w, https:\/\/adbohemiam.cz\/wp-content\/uploads\/2025\/09\/13A7953-1620x1080.webp 1620w, https:\/\/adbohemiam.cz\/wp-content\/uploads\/2025\/09\/13A7953-768x512.webp 768w, https:\/\/adbohemiam.cz\/wp-content\/uploads\/2025\/09\/13A7953-1536x1024.webp 1536w, https:\/\/adbohemiam.cz\/wp-content\/uploads\/2025\/09\/13A7953-2048x1365.webp 2048w\" sizes=\"(max-width: 2560px) 100vw, 2560px\" \/><\/noscript><\/a>\n\t\t\t<\/div><\/figure><figure class='gallery-item'>\n\t\t\t<div class='gallery-icon landscape'>\n\t\t\t\t<a data-elementor-open-lightbox=\"yes\" data-elementor-lightbox-slideshow=\"c9fc269\" data-elementor-lightbox-title=\"signal-2025-09-05-092607\" data-e-action-hash=\"#elementor-action%3Aaction%3Dlightbox%26settings%3DeyJpZCI6NzI1LCJ1cmwiOiJodHRwczpcL1wvYWRib2hlbWlhbS5jelwvd3AtY29udGVudFwvdXBsb2Fkc1wvMjAyNVwvMDlcL3NpZ25hbC0yMDI1LTA5LTA1LTA5MjYwNy53ZWJwIiwic2xpZGVzaG93IjoiYzlmYzI2OSJ9\" href='https:\/\/adbohemiam.cz\/wp-content\/uploads\/2025\/09\/signal-2025-09-05-092607.webp'><img loading=\"lazy\" decoding=\"async\" width=\"1600\" height=\"1067\" src=\"data:image\/gif;base64,R0lGODlhAQABAIAAAAAAAP\/\/\/yH5BAEAAAAALAAAAAABAAEAAAIBRAA7\" data-src=\"https:\/\/adbohemiam.cz\/wp-content\/uploads\/2025\/09\/signal-2025-09-05-092607.webp\" class=\"attachment-full size-full lazyload\" alt=\"\" data-srcset=\"https:\/\/adbohemiam.cz\/wp-content\/uploads\/2025\/09\/signal-2025-09-05-092607.webp 1600w, https:\/\/adbohemiam.cz\/wp-content\/uploads\/2025\/09\/signal-2025-09-05-092607-300x200.webp 300w, https:\/\/adbohemiam.cz\/wp-content\/uploads\/2025\/09\/signal-2025-09-05-092607-768x512.webp 768w, https:\/\/adbohemiam.cz\/wp-content\/uploads\/2025\/09\/signal-2025-09-05-092607-1536x1024.webp 1536w\" sizes=\"(max-width: 1600px) 100vw, 1600px\" \/><noscript><img loading=\"lazy\" decoding=\"async\" width=\"1600\" height=\"1067\" src=\"https:\/\/adbohemiam.cz\/wp-content\/uploads\/2025\/09\/signal-2025-09-05-092607.webp\" class=\"attachment-full size-full lazyload\" alt=\"\" srcset=\"https:\/\/adbohemiam.cz\/wp-content\/uploads\/2025\/09\/signal-2025-09-05-092607.webp 1600w, https:\/\/adbohemiam.cz\/wp-content\/uploads\/2025\/09\/signal-2025-09-05-092607-300x200.webp 300w, https:\/\/adbohemiam.cz\/wp-content\/uploads\/2025\/09\/signal-2025-09-05-092607-768x512.webp 768w, https:\/\/adbohemiam.cz\/wp-content\/uploads\/2025\/09\/signal-2025-09-05-092607-1536x1024.webp 1536w\" sizes=\"(max-width: 1600px) 100vw, 1600px\" \/><\/noscript><\/a>\n\t\t\t<\/div><\/figure>\n\t\t<\/div>\n\t\t<\/div>\n\t\t\t\t\t\t<\/div>\n\t\t\t\t<\/div>\n\t\t\t\t\t<\/div>\n\t\t\t\t<\/div>\n\t\t\t\t<\/div>","protected":false},"excerpt":{"rendered":"<p>Nov\u00e9 term\u00edny kurz\u016f pro v\u00e1s pr\u00e1v\u011b p\u0159ipravujeme. Jakmile budou nov\u00e9 term\u00edny vypsan\u00e9, najdete je tady na webu. Pokud byste m\u011bli z\u00e1jem o \u0161kolen\u00ed na m\u00edru,\u00a0kontaktujte n\u00e1s na tel. \u010d\u00edsle nebo e-mailu.<\/p>","protected":false},"author":2,"featured_media":0,"parent":0,"menu_order":0,"comment_status":"closed","ping_status":"closed","template":"","meta":{"_acf_changed":false,"footnotes":""},"class_list":["post-737","page","type-page","status-publish","hentry"],"acf":[],"_links":{"self":[{"href":"https:\/\/adbohemiam.cz\/en\/wp-json\/wp\/v2\/pages\/737","targetHints":{"allow":["GET"]}}],"collection":[{"href":"https:\/\/adbohemiam.cz\/en\/wp-json\/wp\/v2\/pages"}],"about":[{"href":"https:\/\/adbohemiam.cz\/en\/wp-json\/wp\/v2\/types\/page"}],"author":[{"embeddable":true,"href":"https:\/\/adbohemiam.cz\/en\/wp-json\/wp\/v2\/users\/2"}],"replies":[{"embeddable":true,"href":"https:\/\/adbohemiam.cz\/en\/wp-json\/wp\/v2\/comments?post=737"}],"version-history":[{"count":15,"href":"https:\/\/adbohemiam.cz\/en\/wp-json\/wp\/v2\/pages\/737\/revisions"}],"predecessor-version":[{"id":767,"href":"https:\/\/adbohemiam.cz\/en\/wp-json\/wp\/v2\/pages\/737\/revisions\/767"}],"wp:attachment":[{"href":"https:\/\/adbohemiam.cz\/en\/wp-json\/wp\/v2\/media?parent=737"}],"curies":[{"name":"wp","href":"https:\/\/api.w.org\/{rel}","templated":true}]}}